{"id":1379,"date":"2021-03-19T15:10:48","date_gmt":"2021-03-19T14:10:48","guid":{"rendered":"https:\/\/www.weisses-ross.info\/imprint\/"},"modified":"2024-03-12T12:57:48","modified_gmt":"2024-03-12T11:57:48","slug":"imprint","status":"publish","type":"page","link":"https:\/\/www.weisses-ross.info\/en\/imprint\/","title":{"rendered":"Imprint"},"content":{"rendered":"<p><div class=\"fusion-fullwidth fullwidth-box fusion-builder-row-1 fusion-flex-container nonhundred-percent-fullwidth non-hundred-percent-height-scrolling\" style=\"--awb-border-radius-top-left:0px;--awb-border-radius-top-right:0px;--awb-border-radius-bottom-right:0px;--awb-border-radius-bottom-left:0px;--awb-flex-wrap:wrap;\" ><div class=\"fusion-builder-row fusion-row fusion-flex-align-items-flex-start fusion-flex-content-wrap\" style=\"max-width:1248px;margin-left: calc(-4% \/ 2 );margin-right: calc(-4% \/ 2 );\"><div class=\"fusion-layout-column fusion_builder_column fusion-builder-column-0 fusion_builder_column_1_1 1_1 fusion-flex-column\" style=\"--awb-bg-size:cover;--awb-width-large:100%;--awb-margin-top-large:0px;--awb-spacing-right-large:1.92%;--awb-margin-bottom-large:20px;--awb-spacing-left-large:1.92%;--awb-width-medium:100%;--awb-order-medium:0;--awb-spacing-right-medium:1.92%;--awb-spacing-left-medium:1.92%;--awb-width-small:100%;--awb-order-small:0;--awb-spacing-right-small:1.92%;--awb-spacing-left-small:1.92%;\"><div class=\"fusion-column-wrapper fusion-column-has-shadow fusion-flex-justify-content-flex-start fusion-content-layout-column\"><div class=\"fusion-title title fusion-title-1 fusion-sep-none fusion-title-text fusion-title-size-one\" style=\"--awb-margin-top-small:10px;--awb-margin-right-small:0px;--awb-margin-bottom-small:10px;--awb-margin-left-small:0px;\"><h1 class=\"fusion-title-heading title-heading-left fusion-responsive-typography-calculated\" style=\"margin:0;--fontSize:61;line-height:1.16;\">IMPRINT<\/h1><\/div><div class=\"fusion-text fusion-text-1\"><p>(Informationsanbieter nach \u00a75 Telemediengesetz TMG \u2013 verantwortlich f\u00fcr den Inhalt)<\/p>\n<p><strong>Gasthof Wei\u00dfes Ro\u00df GmbH<\/strong><br \/>\nJ\u00f6rg L\u00f6ffler<br \/>\nAschaffenburger Stra\u00dfe 2<br \/>\n63801\u00a0Kleinostheim<\/p>\n<p>Tel: +49 6027 4688-0<br \/>\nFax: +49 6027 4688-88<br \/>\n<a href=\"http:\/\/www.weisses-ross.info\/kontakt\">kontakt@weisses-ross.info<\/a><\/p>\n<p>Handelsregister: HRB 7850<br \/>\nSteuer-Nr.: 204\/127\/10194<br \/>\nUSt-IDNr.: DE211395653<br \/>\nAmtsgericht: Aschaffenburg<\/p>\n<p>Plattform zur Online-Streitbeilegung der Europ\u00e4ischen Kommission:<br \/>\n<a href=\"http:\/\/ec.europa.eu\/consumers\/odr\/\" target=\"_blank\" rel=\"noopener\">http:\/\/ec.europa.eu\/consumers\/odr\/<\/a><\/p>\n<\/div><\/div><\/div><\/div><\/div><div class=\"fusion-fullwidth fullwidth-box fusion-builder-row-2 fusion-flex-container nonhundred-percent-fullwidth non-hundred-percent-height-scrolling\" style=\"--awb-border-radius-top-left:0px;--awb-border-radius-top-right:0px;--awb-border-radius-bottom-right:0px;--awb-border-radius-bottom-left:0px;--awb-flex-wrap:wrap;\" ><div class=\"fusion-builder-row fusion-row fusion-flex-align-items-flex-start fusion-flex-content-wrap\" style=\"max-width:1248px;margin-left: calc(-4% \/ 2 );margin-right: calc(-4% \/ 2 );\"><div class=\"fusion-layout-column fusion_builder_column fusion-builder-column-1 fusion_builder_column_1_1 1_1 fusion-flex-column\" style=\"--awb-bg-size:cover;--awb-width-large:100%;--awb-margin-top-large:0px;--awb-spacing-right-large:1.92%;--awb-margin-bottom-large:20px;--awb-spacing-left-large:1.92%;--awb-width-medium:100%;--awb-order-medium:0;--awb-spacing-right-medium:1.92%;--awb-spacing-left-medium:1.92%;--awb-width-small:100%;--awb-order-small:0;--awb-spacing-right-small:1.92%;--awb-spacing-left-small:1.92%;\"><div class=\"fusion-column-wrapper fusion-column-has-shadow fusion-flex-justify-content-flex-start fusion-content-layout-column\"><div class=\"fusion-title title fusion-title-2 fusion-sep-none fusion-title-text fusion-title-size-two\" style=\"--awb-margin-top-small:10px;--awb-margin-right-small:0px;--awb-margin-bottom-small:10px;--awb-margin-left-small:0px;\"><h2 class=\"fusion-title-heading title-heading-left fusion-responsive-typography-calculated\" style=\"margin:0;--fontSize:50;line-height:1.2;\">HINWEISE ZU URHEBERRECHTEN VON BILDERN:<\/h2><\/div><div class=\"fusion-text fusion-text-2\"><p>\u00a9 by Gasthof Wei\u00dfes Ro\u00df GmbH<br \/>\n\u00a9 Lsantilli \u2013 Fotolia.com<br \/>\n\u00a9 Barbara-Maria Damrau \u2013 Fotolia.com<br \/>\n\u00a9 Gasthof Wei\u00dfes Ro\u00df GmbH<br \/>\n\u00a9 Gasthof Wei\u00dfes Ro\u00df GmbH<br \/>\n\u00a9 drubig-photo \u2013 Fotolia.com<br \/>\n\u00a9 momius \u2013 Fotolia.com<br \/>\n\u00a9 GeMaxPrint GBH<br \/>\n\u00a9 by Fotolia<br \/>\n\u00a9 Gasthof\u00df Wei\u00dfes Ro\u00df GmbH<br \/>\n\u00a9 .shock \u2013 Fotolia.com<br \/>\n\u00a9 Kzenon \u2013 Fotolia.com<br \/>\n\u00a9 Foto: Kongress- und Touristikbetriebe der Stadt Aschaffenburg (Till Benzin)<br \/>\n\u00a9 Deklofenak \u2013 Fotolia.com<br \/>\n\u00a9 Gasthof Wei\u00dfes Ro\u00df<br \/>\n\u00a9 CREATIVE WONDER &#8211; AdobeStock<\/p>\n<\/div><\/div><\/div><\/div><\/div><\/p>\n","protected":false},"excerpt":{"rendered":"","protected":false},"author":1,"featured_media":0,"parent":0,"menu_order":0,"comment_status":"closed","ping_status":"closed","template":"100-width.php","meta":{"footnotes":""},"class_list":["post-1379","page","type-page","status-publish","hentry"],"yoast_head":"<!-- This site is optimized with the Yoast SEO plugin v27.3 - https:\/\/yoast.com\/product\/yoast-seo-wordpress\/ -->\n<title>Imprint - Wei\u00dfes-Ro\u00df<\/title>\n<meta name=\"robots\" content=\"index, follow, max-snippet:-1, max-image-preview:large, max-video-preview:-1\" \/>\n<link rel=\"canonical\" href=\"https:\/\/www.weisses-ross.info\/en\/imprint\/\" \/>\n<meta property=\"og:locale\" content=\"en_US\" \/>\n<meta property=\"og:type\" content=\"article\" \/>\n<meta property=\"og:title\" content=\"Imprint - Wei\u00dfes-Ro\u00df\" \/>\n<meta property=\"og:url\" content=\"https:\/\/www.weisses-ross.info\/en\/imprint\/\" \/>\n<meta property=\"og:site_name\" content=\"Wei\u00dfes-Ro\u00df\" \/>\n<meta property=\"article:publisher\" content=\"https:\/\/www.facebook.com\/HotelGasthofWeissesRoss\/\" \/>\n<meta property=\"article:modified_time\" content=\"2024-03-12T11:57:48+00:00\" \/>\n<meta name=\"twitter:card\" content=\"summary_large_image\" \/>\n<meta name=\"twitter:label1\" content=\"Est. reading time\" \/>\n\t<meta name=\"twitter:data1\" content=\"1 minute\" \/>\n<script type=\"application\/ld+json\" class=\"yoast-schema-graph\">{\"@context\":\"https:\\\/\\\/schema.org\",\"@graph\":[{\"@type\":\"WebPage\",\"@id\":\"https:\\\/\\\/www.weisses-ross.info\\\/en\\\/imprint\\\/\",\"url\":\"https:\\\/\\\/www.weisses-ross.info\\\/en\\\/imprint\\\/\",\"name\":\"Imprint - Wei\u00dfes-Ro\u00df\",\"isPartOf\":{\"@id\":\"https:\\\/\\\/www.weisses-ross.info\\\/en\\\/#website\"},\"datePublished\":\"2021-03-19T14:10:48+00:00\",\"dateModified\":\"2024-03-12T11:57:48+00:00\",\"breadcrumb\":{\"@id\":\"https:\\\/\\\/www.weisses-ross.info\\\/en\\\/imprint\\\/#breadcrumb\"},\"inLanguage\":\"en-US\",\"potentialAction\":[{\"@type\":\"ReadAction\",\"target\":[\"https:\\\/\\\/www.weisses-ross.info\\\/en\\\/imprint\\\/\"]}]},{\"@type\":\"BreadcrumbList\",\"@id\":\"https:\\\/\\\/www.weisses-ross.info\\\/en\\\/imprint\\\/#breadcrumb\",\"itemListElement\":[{\"@type\":\"ListItem\",\"position\":1,\"name\":\"Startseite\",\"item\":\"https:\\\/\\\/www.weisses-ross.info\\\/en\\\/\"},{\"@type\":\"ListItem\",\"position\":2,\"name\":\"Imprint\"}]},{\"@type\":\"WebSite\",\"@id\":\"https:\\\/\\\/www.weisses-ross.info\\\/en\\\/#website\",\"url\":\"https:\\\/\\\/www.weisses-ross.info\\\/en\\\/\",\"name\":\"Wei\u00dfes-Ro\u00df\",\"description\":\"Hotel und Gasthof Kleinostheim\",\"publisher\":{\"@id\":\"https:\\\/\\\/www.weisses-ross.info\\\/en\\\/#organization\"},\"potentialAction\":[{\"@type\":\"SearchAction\",\"target\":{\"@type\":\"EntryPoint\",\"urlTemplate\":\"https:\\\/\\\/www.weisses-ross.info\\\/en\\\/?s={search_term_string}\"},\"query-input\":{\"@type\":\"PropertyValueSpecification\",\"valueRequired\":true,\"valueName\":\"search_term_string\"}}],\"inLanguage\":\"en-US\"},{\"@type\":\"Organization\",\"@id\":\"https:\\\/\\\/www.weisses-ross.info\\\/en\\\/#organization\",\"name\":\"Gasthof Wei\u00dfes Ro\u00df GmbH\",\"url\":\"https:\\\/\\\/www.weisses-ross.info\\\/en\\\/\",\"logo\":{\"@type\":\"ImageObject\",\"inLanguage\":\"en-US\",\"@id\":\"https:\\\/\\\/www.weisses-ross.info\\\/en\\\/#\\\/schema\\\/logo\\\/image\\\/\",\"url\":\"https:\\\/\\\/www.weisses-ross.info\\\/wp-content\\\/uploads\\\/2021\\\/03\\\/WR_Logo_700px.png\",\"contentUrl\":\"https:\\\/\\\/www.weisses-ross.info\\\/wp-content\\\/uploads\\\/2021\\\/03\\\/WR_Logo_700px.png\",\"width\":700,\"height\":180,\"caption\":\"Gasthof Wei\u00dfes Ro\u00df GmbH\"},\"image\":{\"@id\":\"https:\\\/\\\/www.weisses-ross.info\\\/en\\\/#\\\/schema\\\/logo\\\/image\\\/\"},\"sameAs\":[\"https:\\\/\\\/www.facebook.com\\\/HotelGasthofWeissesRoss\\\/\"]}]}<\/script>\n<!-- \/ Yoast SEO plugin. -->","yoast_head_json":{"title":"Imprint - Wei\u00dfes-Ro\u00df","robots":{"index":"index","follow":"follow","max-snippet":"max-snippet:-1","max-image-preview":"max-image-preview:large","max-video-preview":"max-video-preview:-1"},"canonical":"https:\/\/www.weisses-ross.info\/en\/imprint\/","og_locale":"en_US","og_type":"article","og_title":"Imprint - Wei\u00dfes-Ro\u00df","og_url":"https:\/\/www.weisses-ross.info\/en\/imprint\/","og_site_name":"Wei\u00dfes-Ro\u00df","article_publisher":"https:\/\/www.facebook.com\/HotelGasthofWeissesRoss\/","article_modified_time":"2024-03-12T11:57:48+00:00","twitter_card":"summary_large_image","twitter_misc":{"Est. reading time":"1 minute"},"schema":{"@context":"https:\/\/schema.org","@graph":[{"@type":"WebPage","@id":"https:\/\/www.weisses-ross.info\/en\/imprint\/","url":"https:\/\/www.weisses-ross.info\/en\/imprint\/","name":"Imprint - Wei\u00dfes-Ro\u00df","isPartOf":{"@id":"https:\/\/www.weisses-ross.info\/en\/#website"},"datePublished":"2021-03-19T14:10:48+00:00","dateModified":"2024-03-12T11:57:48+00:00","breadcrumb":{"@id":"https:\/\/www.weisses-ross.info\/en\/imprint\/#breadcrumb"},"inLanguage":"en-US","potentialAction":[{"@type":"ReadAction","target":["https:\/\/www.weisses-ross.info\/en\/imprint\/"]}]},{"@type":"BreadcrumbList","@id":"https:\/\/www.weisses-ross.info\/en\/imprint\/#breadcrumb","itemListElement":[{"@type":"ListItem","position":1,"name":"Startseite","item":"https:\/\/www.weisses-ross.info\/en\/"},{"@type":"ListItem","position":2,"name":"Imprint"}]},{"@type":"WebSite","@id":"https:\/\/www.weisses-ross.info\/en\/#website","url":"https:\/\/www.weisses-ross.info\/en\/","name":"Wei\u00dfes-Ro\u00df","description":"Hotel und Gasthof Kleinostheim","publisher":{"@id":"https:\/\/www.weisses-ross.info\/en\/#organization"},"potentialAction":[{"@type":"SearchAction","target":{"@type":"EntryPoint","urlTemplate":"https:\/\/www.weisses-ross.info\/en\/?s={search_term_string}"},"query-input":{"@type":"PropertyValueSpecification","valueRequired":true,"valueName":"search_term_string"}}],"inLanguage":"en-US"},{"@type":"Organization","@id":"https:\/\/www.weisses-ross.info\/en\/#organization","name":"Gasthof Wei\u00dfes Ro\u00df GmbH","url":"https:\/\/www.weisses-ross.info\/en\/","logo":{"@type":"ImageObject","inLanguage":"en-US","@id":"https:\/\/www.weisses-ross.info\/en\/#\/schema\/logo\/image\/","url":"https:\/\/www.weisses-ross.info\/wp-content\/uploads\/2021\/03\/WR_Logo_700px.png","contentUrl":"https:\/\/www.weisses-ross.info\/wp-content\/uploads\/2021\/03\/WR_Logo_700px.png","width":700,"height":180,"caption":"Gasthof Wei\u00dfes Ro\u00df GmbH"},"image":{"@id":"https:\/\/www.weisses-ross.info\/en\/#\/schema\/logo\/image\/"},"sameAs":["https:\/\/www.facebook.com\/HotelGasthofWeissesRoss\/"]}]}},"_links":{"self":[{"href":"https:\/\/www.weisses-ross.info\/en\/wp-json\/wp\/v2\/pages\/1379","targetHints":{"allow":["GET"]}}],"collection":[{"href":"https:\/\/www.weisses-ross.info\/en\/wp-json\/wp\/v2\/pages"}],"about":[{"href":"https:\/\/www.weisses-ross.info\/en\/wp-json\/wp\/v2\/types\/page"}],"author":[{"embeddable":true,"href":"https:\/\/www.weisses-ross.info\/en\/wp-json\/wp\/v2\/users\/1"}],"replies":[{"embeddable":true,"href":"https:\/\/www.weisses-ross.info\/en\/wp-json\/wp\/v2\/comments?post=1379"}],"version-history":[{"count":8,"href":"https:\/\/www.weisses-ross.info\/en\/wp-json\/wp\/v2\/pages\/1379\/revisions"}],"predecessor-version":[{"id":3012,"href":"https:\/\/www.weisses-ross.info\/en\/wp-json\/wp\/v2\/pages\/1379\/revisions\/3012"}],"wp:attachment":[{"href":"https:\/\/www.weisses-ross.info\/en\/wp-json\/wp\/v2\/media?parent=1379"}],"curies":[{"name":"wp","href":"https:\/\/api.w.org\/{rel}","templated":true}]}}