{"id":1514,"date":"2021-03-19T16:48:25","date_gmt":"2021-03-19T15:48:25","guid":{"rendered":"https:\/\/www.weisses-ross.info\/inn\/table-reservations\/"},"modified":"2021-04-14T14:40:53","modified_gmt":"2021-04-14T12:40:53","slug":"table-reservations","status":"publish","type":"page","link":"https:\/\/www.weisses-ross.info\/en\/inn\/table-reservations\/","title":{"rendered":"Table reservations"},"content":{"rendered":"<div class=\"fusion-fullwidth fullwidth-box fusion-builder-row-1 fusion-flex-container nonhundred-percent-fullwidth non-hundred-percent-height-scrolling\" style=\"--awb-border-radius-top-left:0px;--awb-border-radius-top-right:0px;--awb-border-radius-bottom-right:0px;--awb-border-radius-bottom-left:0px;--awb-flex-wrap:wrap;\" ><div class=\"fusion-builder-row fusion-row fusion-flex-align-items-flex-start fusion-flex-content-wrap\" style=\"max-width:1248px;margin-left: calc(-4% \/ 2 );margin-right: calc(-4% \/ 2 );\"><div class=\"fusion-layout-column fusion_builder_column fusion-builder-column-0 fusion_builder_column_1_1 1_1 fusion-flex-column\" style=\"--awb-bg-size:cover;--awb-width-large:100%;--awb-margin-top-large:0px;--awb-spacing-right-large:1.92%;--awb-margin-bottom-large:20px;--awb-spacing-left-large:1.92%;--awb-width-medium:100%;--awb-order-medium:0;--awb-spacing-right-medium:1.92%;--awb-spacing-left-medium:1.92%;--awb-width-small:100%;--awb-order-small:0;--awb-spacing-right-small:1.92%;--awb-spacing-left-small:1.92%;\"><div class=\"fusion-column-wrapper fusion-column-has-shadow fusion-flex-justify-content-flex-start fusion-content-layout-column\"><div class=\"fusion-title title fusion-title-1 fusion-sep-none fusion-title-center fusion-title-text fusion-title-size-one\" style=\"--awb-margin-top-small:10px;--awb-margin-right-small:0px;--awb-margin-bottom-small:10px;--awb-margin-left-small:0px;\"><h1 class=\"fusion-title-heading title-heading-center fusion-responsive-typography-calculated\" style=\"margin:0;--fontSize:61;line-height:1.16;\">TABLE RESERVATIONS<\/h1><\/div><div class=\"fusion-text fusion-text-1\">\n<div class=\"wpcf7 no-js\" id=\"wpcf7-f1633-o1\" lang=\"de-DE\" dir=\"ltr\" data-wpcf7-id=\"1633\">\n<div class=\"screen-reader-response\"><p role=\"status\" aria-live=\"polite\" aria-atomic=\"true\"><\/p> <ul><\/ul><\/div>\n<form action=\"\/en\/wp-json\/wp\/v2\/pages\/1514#wpcf7-f1633-o1\" method=\"post\" class=\"wpcf7-form init wpcf7-acceptance-as-validation\" aria-label=\"Kontaktformular\" novalidate=\"novalidate\" data-status=\"init\">\n<fieldset class=\"hidden-fields-container\"><input type=\"hidden\" name=\"_wpcf7\" value=\"1633\" \/><input type=\"hidden\" name=\"_wpcf7_version\" value=\"6.1.5\" \/><input type=\"hidden\" name=\"_wpcf7_locale\" value=\"de_DE\" \/><input type=\"hidden\" name=\"_wpcf7_unit_tag\" value=\"wpcf7-f1633-o1\" \/><input type=\"hidden\" name=\"_wpcf7_container_post\" value=\"0\" \/><input type=\"hidden\" name=\"_wpcf7_posted_data_hash\" value=\"\" \/>\n<\/fieldset>\n<p><label> First name *<br \/>\n<span class=\"wpcf7-form-control-wrap\" data-name=\"VNAME\"><input size=\"40\" maxlength=\"400\" class=\"wpcf7-form-control wpcf7-text wpcf7-validates-as-required\" aria-required=\"true\" aria-invalid=\"false\" value=\"\" type=\"text\" name=\"VNAME\" \/><\/span> <\/label>\n<\/p>\n<p><label> Last name *<br \/>\n<span class=\"wpcf7-form-control-wrap\" data-name=\"NAME\"><input size=\"40\" maxlength=\"400\" class=\"wpcf7-form-control wpcf7-text wpcf7-validates-as-required\" aria-required=\"true\" aria-invalid=\"false\" value=\"\" type=\"text\" name=\"NAME\" \/><\/span> <\/label>\n<\/p>\n<p><label> Company<br \/>\n<span class=\"wpcf7-form-control-wrap\" data-name=\"Firma\"><input size=\"40\" maxlength=\"400\" class=\"wpcf7-form-control wpcf7-text\" aria-invalid=\"false\" value=\"\" type=\"text\" name=\"Firma\" \/><\/span> <\/label>\n<\/p>\n<p><label> Phone<br \/>\n<span class=\"wpcf7-form-control-wrap\" data-name=\"Telefon\"><input size=\"40\" maxlength=\"400\" class=\"wpcf7-form-control wpcf7-text\" aria-invalid=\"false\" value=\"\" type=\"text\" name=\"Telefon\" \/><\/span> <\/label>\n<\/p>\n<p><label> E-Mail *<br \/>\n<span class=\"wpcf7-form-control-wrap\" data-name=\"email\"><input size=\"40\" maxlength=\"400\" class=\"wpcf7-form-control wpcf7-email wpcf7-validates-as-required wpcf7-text wpcf7-validates-as-email\" aria-required=\"true\" aria-invalid=\"false\" value=\"\" type=\"email\" name=\"email\" \/><\/span> <\/label>\n<\/p>\n<p>&nbsp;\n<\/p>\n<p><label> Date *<br \/>\n<span class=\"wpcf7-form-control-wrap\" data-name=\"Datum\"><input size=\"40\" maxlength=\"400\" class=\"wpcf7-form-control wpcf7-text wpcf7-validates-as-required\" aria-required=\"true\" aria-invalid=\"false\" value=\"\" type=\"text\" name=\"Datum\" \/><\/span><\/label>\n<\/p>\n<p><label> Time *<br \/>\n<span class=\"wpcf7-form-control-wrap\" data-name=\"Uhrzeit\"><input size=\"40\" maxlength=\"400\" class=\"wpcf7-form-control wpcf7-text wpcf7-validates-as-required\" aria-required=\"true\" aria-invalid=\"false\" value=\"\" type=\"text\" name=\"Uhrzeit\" \/><\/span><\/label>\n<\/p>\n<p><label> Number of people *<br \/>\n<span class=\"wpcf7-form-control-wrap\" data-name=\"anzahl-personen\"><input size=\"40\" maxlength=\"400\" class=\"wpcf7-form-control wpcf7-text wpcf7-validates-as-required\" aria-required=\"true\" aria-invalid=\"false\" value=\"\" type=\"text\" name=\"anzahl-personen\" \/><\/span><\/label>\n<\/p>\n<p><label> Your message:<br \/>\n<span class=\"wpcf7-form-control-wrap\" data-name=\"your-message\"><textarea cols=\"40\" rows=\"10\" maxlength=\"2000\" class=\"wpcf7-form-control wpcf7-textarea\" aria-invalid=\"false\" name=\"your-message\"><\/textarea><\/span> <\/label>\n<\/p>\n<p><!-- Mailchimp for WordPress v4.12.1 - https:\/\/www.mc4wp.com\/ --><input type=\"hidden\" name=\"_mc4wp_subscribe_contact-form-7\" value=\"0\" \/><span class=\"mc4wp-checkbox mc4wp-checkbox-contact-form-7 \"><label><input type=\"checkbox\" name=\"_mc4wp_subscribe_contact-form-7\" value=\"1\" ><span>Ja, ich m\u00f6chte den Wei\u00dfes-Ro\u00df Newsletter erhalten!<\/span><\/label><\/span><!-- \/ Mailchimp for WordPress -->\n<\/p>\n<p><span class=\"wpcf7-form-control-wrap\" data-name=\"Datenschutz\"><span class=\"wpcf7-form-control wpcf7-acceptance\"><span class=\"wpcf7-list-item\"><label><input type=\"checkbox\" name=\"Datenschutz\" value=\"1\" aria-invalid=\"false\" \/><span class=\"wpcf7-list-item-label\"><a href=\"https:\/\/www.weisses-ross.info\/en\/privacy-policy\/\">I have read and accept the privacy policy.<\/a><\/span><\/label><\/span><\/span><\/span>\n<\/p>\n<p>&nbsp;\n<\/p>\n<p><input class=\"wpcf7-form-control wpcf7-submit has-spinner\" type=\"submit\" value=\"Send\" \/>\n<\/p><div class=\"fusion-alert alert custom alert-custom fusion-alert-center wpcf7-response-output awb-alert-native-link-color alert-dismissable awb-alert-close-boxed\" style=\"--awb-border-size:1px;--awb-border-top-left-radius:0px;--awb-border-top-right-radius:0px;--awb-border-bottom-left-radius:0px;--awb-border-bottom-right-radius:0px;\" role=\"alert\"><div class=\"fusion-alert-content-wrapper\"><span class=\"fusion-alert-content\"><\/span><\/div><button type=\"button\" class=\"close toggle-alert\" data-dismiss=\"alert\" aria-label=\"Schlie\u00dfen\">&times;<\/button><\/div>\n<\/form>\n<\/div>\n\n<\/div><\/div><\/div><\/div><\/div>\n","protected":false},"excerpt":{"rendered":"","protected":false},"author":1,"featured_media":0,"parent":1401,"menu_order":0,"comment_status":"closed","ping_status":"closed","template":"100-width.php","meta":{"footnotes":""},"class_list":["post-1514","page","type-page","status-publish","hentry"],"yoast_head":"<!-- This site is optimized with the Yoast SEO plugin v27.3 - https:\/\/yoast.com\/product\/yoast-seo-wordpress\/ -->\n<title>Table reservations - Wei\u00dfes-Ro\u00df<\/title>\n<meta name=\"robots\" content=\"index, follow, max-snippet:-1, max-image-preview:large, max-video-preview:-1\" \/>\n<link rel=\"canonical\" href=\"https:\/\/www.weisses-ross.info\/en\/inn\/table-reservations\/\" \/>\n<meta property=\"og:locale\" content=\"en_US\" \/>\n<meta property=\"og:type\" content=\"article\" \/>\n<meta property=\"og:title\" content=\"Table reservations - Wei\u00dfes-Ro\u00df\" \/>\n<meta property=\"og:url\" content=\"https:\/\/www.weisses-ross.info\/en\/inn\/table-reservations\/\" \/>\n<meta property=\"og:site_name\" content=\"Wei\u00dfes-Ro\u00df\" \/>\n<meta property=\"article:publisher\" content=\"https:\/\/www.facebook.com\/HotelGasthofWeissesRoss\/\" \/>\n<meta property=\"article:modified_time\" content=\"2021-04-14T12:40:53+00:00\" \/>\n<meta name=\"twitter:card\" content=\"summary_large_image\" \/>\n<meta name=\"twitter:label1\" content=\"Est. reading time\" \/>\n\t<meta name=\"twitter:data1\" content=\"4 minutes\" \/>\n<script type=\"application\/ld+json\" class=\"yoast-schema-graph\">{\"@context\":\"https:\\\/\\\/schema.org\",\"@graph\":[{\"@type\":\"WebPage\",\"@id\":\"https:\\\/\\\/www.weisses-ross.info\\\/en\\\/inn\\\/table-reservations\\\/\",\"url\":\"https:\\\/\\\/www.weisses-ross.info\\\/en\\\/inn\\\/table-reservations\\\/\",\"name\":\"Table reservations - Wei\u00dfes-Ro\u00df\",\"isPartOf\":{\"@id\":\"https:\\\/\\\/www.weisses-ross.info\\\/en\\\/#website\"},\"datePublished\":\"2021-03-19T15:48:25+00:00\",\"dateModified\":\"2021-04-14T12:40:53+00:00\",\"breadcrumb\":{\"@id\":\"https:\\\/\\\/www.weisses-ross.info\\\/en\\\/inn\\\/table-reservations\\\/#breadcrumb\"},\"inLanguage\":\"en-US\",\"potentialAction\":[{\"@type\":\"ReadAction\",\"target\":[\"https:\\\/\\\/www.weisses-ross.info\\\/en\\\/inn\\\/table-reservations\\\/\"]}]},{\"@type\":\"BreadcrumbList\",\"@id\":\"https:\\\/\\\/www.weisses-ross.info\\\/en\\\/inn\\\/table-reservations\\\/#breadcrumb\",\"itemListElement\":[{\"@type\":\"ListItem\",\"position\":1,\"name\":\"Startseite\",\"item\":\"https:\\\/\\\/www.weisses-ross.info\\\/en\\\/\"},{\"@type\":\"ListItem\",\"position\":2,\"name\":\"Inn\",\"item\":\"https:\\\/\\\/www.weisses-ross.info\\\/en\\\/inn\\\/\"},{\"@type\":\"ListItem\",\"position\":3,\"name\":\"Table reservations\"}]},{\"@type\":\"WebSite\",\"@id\":\"https:\\\/\\\/www.weisses-ross.info\\\/en\\\/#website\",\"url\":\"https:\\\/\\\/www.weisses-ross.info\\\/en\\\/\",\"name\":\"Wei\u00dfes-Ro\u00df\",\"description\":\"Hotel und Gasthof Kleinostheim\",\"publisher\":{\"@id\":\"https:\\\/\\\/www.weisses-ross.info\\\/en\\\/#organization\"},\"potentialAction\":[{\"@type\":\"SearchAction\",\"target\":{\"@type\":\"EntryPoint\",\"urlTemplate\":\"https:\\\/\\\/www.weisses-ross.info\\\/en\\\/?s={search_term_string}\"},\"query-input\":{\"@type\":\"PropertyValueSpecification\",\"valueRequired\":true,\"valueName\":\"search_term_string\"}}],\"inLanguage\":\"en-US\"},{\"@type\":\"Organization\",\"@id\":\"https:\\\/\\\/www.weisses-ross.info\\\/en\\\/#organization\",\"name\":\"Gasthof Wei\u00dfes Ro\u00df GmbH\",\"url\":\"https:\\\/\\\/www.weisses-ross.info\\\/en\\\/\",\"logo\":{\"@type\":\"ImageObject\",\"inLanguage\":\"en-US\",\"@id\":\"https:\\\/\\\/www.weisses-ross.info\\\/en\\\/#\\\/schema\\\/logo\\\/image\\\/\",\"url\":\"https:\\\/\\\/www.weisses-ross.info\\\/wp-content\\\/uploads\\\/2021\\\/03\\\/WR_Logo_700px.png\",\"contentUrl\":\"https:\\\/\\\/www.weisses-ross.info\\\/wp-content\\\/uploads\\\/2021\\\/03\\\/WR_Logo_700px.png\",\"width\":700,\"height\":180,\"caption\":\"Gasthof Wei\u00dfes Ro\u00df GmbH\"},\"image\":{\"@id\":\"https:\\\/\\\/www.weisses-ross.info\\\/en\\\/#\\\/schema\\\/logo\\\/image\\\/\"},\"sameAs\":[\"https:\\\/\\\/www.facebook.com\\\/HotelGasthofWeissesRoss\\\/\"]}]}<\/script>\n<!-- \/ Yoast SEO plugin. -->","yoast_head_json":{"title":"Table reservations - Wei\u00dfes-Ro\u00df","robots":{"index":"index","follow":"follow","max-snippet":"max-snippet:-1","max-image-preview":"max-image-preview:large","max-video-preview":"max-video-preview:-1"},"canonical":"https:\/\/www.weisses-ross.info\/en\/inn\/table-reservations\/","og_locale":"en_US","og_type":"article","og_title":"Table reservations - Wei\u00dfes-Ro\u00df","og_url":"https:\/\/www.weisses-ross.info\/en\/inn\/table-reservations\/","og_site_name":"Wei\u00dfes-Ro\u00df","article_publisher":"https:\/\/www.facebook.com\/HotelGasthofWeissesRoss\/","article_modified_time":"2021-04-14T12:40:53+00:00","twitter_card":"summary_large_image","twitter_misc":{"Est. reading time":"4 minutes"},"schema":{"@context":"https:\/\/schema.org","@graph":[{"@type":"WebPage","@id":"https:\/\/www.weisses-ross.info\/en\/inn\/table-reservations\/","url":"https:\/\/www.weisses-ross.info\/en\/inn\/table-reservations\/","name":"Table reservations - Wei\u00dfes-Ro\u00df","isPartOf":{"@id":"https:\/\/www.weisses-ross.info\/en\/#website"},"datePublished":"2021-03-19T15:48:25+00:00","dateModified":"2021-04-14T12:40:53+00:00","breadcrumb":{"@id":"https:\/\/www.weisses-ross.info\/en\/inn\/table-reservations\/#breadcrumb"},"inLanguage":"en-US","potentialAction":[{"@type":"ReadAction","target":["https:\/\/www.weisses-ross.info\/en\/inn\/table-reservations\/"]}]},{"@type":"BreadcrumbList","@id":"https:\/\/www.weisses-ross.info\/en\/inn\/table-reservations\/#breadcrumb","itemListElement":[{"@type":"ListItem","position":1,"name":"Startseite","item":"https:\/\/www.weisses-ross.info\/en\/"},{"@type":"ListItem","position":2,"name":"Inn","item":"https:\/\/www.weisses-ross.info\/en\/inn\/"},{"@type":"ListItem","position":3,"name":"Table reservations"}]},{"@type":"WebSite","@id":"https:\/\/www.weisses-ross.info\/en\/#website","url":"https:\/\/www.weisses-ross.info\/en\/","name":"Wei\u00dfes-Ro\u00df","description":"Hotel und Gasthof Kleinostheim","publisher":{"@id":"https:\/\/www.weisses-ross.info\/en\/#organization"},"potentialAction":[{"@type":"SearchAction","target":{"@type":"EntryPoint","urlTemplate":"https:\/\/www.weisses-ross.info\/en\/?s={search_term_string}"},"query-input":{"@type":"PropertyValueSpecification","valueRequired":true,"valueName":"search_term_string"}}],"inLanguage":"en-US"},{"@type":"Organization","@id":"https:\/\/www.weisses-ross.info\/en\/#organization","name":"Gasthof Wei\u00dfes Ro\u00df GmbH","url":"https:\/\/www.weisses-ross.info\/en\/","logo":{"@type":"ImageObject","inLanguage":"en-US","@id":"https:\/\/www.weisses-ross.info\/en\/#\/schema\/logo\/image\/","url":"https:\/\/www.weisses-ross.info\/wp-content\/uploads\/2021\/03\/WR_Logo_700px.png","contentUrl":"https:\/\/www.weisses-ross.info\/wp-content\/uploads\/2021\/03\/WR_Logo_700px.png","width":700,"height":180,"caption":"Gasthof Wei\u00dfes Ro\u00df GmbH"},"image":{"@id":"https:\/\/www.weisses-ross.info\/en\/#\/schema\/logo\/image\/"},"sameAs":["https:\/\/www.facebook.com\/HotelGasthofWeissesRoss\/"]}]}},"_links":{"self":[{"href":"https:\/\/www.weisses-ross.info\/en\/wp-json\/wp\/v2\/pages\/1514","targetHints":{"allow":["GET"]}}],"collection":[{"href":"https:\/\/www.weisses-ross.info\/en\/wp-json\/wp\/v2\/pages"}],"about":[{"href":"https:\/\/www.weisses-ross.info\/en\/wp-json\/wp\/v2\/types\/page"}],"author":[{"embeddable":true,"href":"https:\/\/www.weisses-ross.info\/en\/wp-json\/wp\/v2\/users\/1"}],"replies":[{"embeddable":true,"href":"https:\/\/www.weisses-ross.info\/en\/wp-json\/wp\/v2\/comments?post=1514"}],"version-history":[{"count":4,"href":"https:\/\/www.weisses-ross.info\/en\/wp-json\/wp\/v2\/pages\/1514\/revisions"}],"predecessor-version":[{"id":1634,"href":"https:\/\/www.weisses-ross.info\/en\/wp-json\/wp\/v2\/pages\/1514\/revisions\/1634"}],"up":[{"embeddable":true,"href":"https:\/\/www.weisses-ross.info\/en\/wp-json\/wp\/v2\/pages\/1401"}],"wp:attachment":[{"href":"https:\/\/www.weisses-ross.info\/en\/wp-json\/wp\/v2\/media?parent=1514"}],"curies":[{"name":"wp","href":"https:\/\/api.w.org\/{rel}","templated":true}]}}